{"id":5727,"date":"2019-02-02T15:05:56","date_gmt":"2019-02-02T14:05:56","guid":{"rendered":"http:\/\/maciejko.org\/witryna\/?page_id=5727"},"modified":"2019-11-03T22:03:24","modified_gmt":"2019-11-03T21:03:24","slug":"aktualna-edycja-konkursu","status":"publish","type":"page","link":"http:\/\/maciejko.org\/witryna\/konkurs-filmowy-matematyczne-kamery\/aktualna-edycja-konkursu","title":{"rendered":"Aktualna edycja konkursu"},"content":{"rendered":"<p>Konkurs filmowy &#8220;Matematyczne Kamery&#8221; to konkurs dla uczni\u00f3w szk\u00f3\u0142 podstawowych i gimazj\u00f3w na przygotowanie filmu edukacyjnego o tematyce matematycznej.<\/p>\n<p><a href=\"http:\/\/maciejko.org\/witryna\/wp-content\/uploads\/2019\/11\/Regulamin-konkursu-2020_Final.pdf\"><strong>Regulamin konkursu<\/strong><\/a><\/p>\n","protected":false},"excerpt":{"rendered":"<p>Konkurs filmowy &#8220;Matematyczne Kamery&#8221; to konkurs dla uczni\u00f3w szk\u00f3\u0142 podstawowych i gimazj\u00f3w na przygotowanie filmu edukacyjnego o tematyce matematycznej. Regulamin konkursu<\/p>\n","protected":false},"author":8,"featured_media":0,"parent":5551,"menu_order":0,"comment_status":"closed","ping_status":"closed","template":"","meta":[],"_links":{"self":[{"href":"http:\/\/maciejko.org\/witryna\/wp-json\/wp\/v2\/pages\/5727"}],"collection":[{"href":"http:\/\/maciejko.org\/witryna\/wp-json\/wp\/v2\/pages"}],"about":[{"href":"http:\/\/maciejko.org\/witryna\/wp-json\/wp\/v2\/types\/page"}],"author":[{"embeddable":true,"href":"http:\/\/maciejko.org\/witryna\/wp-json\/wp\/v2\/users\/8"}],"replies":[{"embeddable":true,"href":"http:\/\/maciejko.org\/witryna\/wp-json\/wp\/v2\/comments?post=5727"}],"version-history":[{"count":4,"href":"http:\/\/maciejko.org\/witryna\/wp-json\/wp\/v2\/pages\/5727\/revisions"}],"predecessor-version":[{"id":5844,"href":"http:\/\/maciejko.org\/witryna\/wp-json\/wp\/v2\/pages\/5727\/revisions\/5844"}],"up":[{"embeddable":true,"href":"http:\/\/maciejko.org\/witryna\/wp-json\/wp\/v2\/pages\/5551"}],"wp:attachment":[{"href":"http:\/\/maciejko.org\/witryna\/wp-json\/wp\/v2\/media?parent=5727"}],"curies":[{"name":"wp","href":"https:\/\/api.w.org\/{rel}","templated":true}]}}