{"id":5382,"date":"2017-11-03T00:44:47","date_gmt":"2017-11-02T23:44:47","guid":{"rendered":"http:\/\/maciejko.org\/witryna\/?page_id=5382"},"modified":"2018-12-20T01:13:42","modified_gmt":"2018-12-20T00:13:42","slug":"projekty","status":"publish","type":"page","link":"http:\/\/maciejko.org\/witryna\/okiem-matematyka\/projekty","title":{"rendered":"Projekty"},"content":{"rendered":"<ul>\n<li><a href=\"http:\/\/maciejko.org\/witryna\/wp-content\/uploads\/2017\/11\/1.1-Projekt-JAK-GOR\u0104CO-JEST-W-PIEKLE.pdf\" target=\"_blank\" rel=\"noopener\">1.1 Projekt &#8211; Jak gor\u0105co jest w piekle?<\/a><\/li>\n<li><a href=\"http:\/\/maciejko.org\/witryna\/wp-content\/uploads\/2017\/11\/2.1-Projekt-Ci\u015bnienie-slon-i-kobieta.pdf\" target=\"_blank\" rel=\"noopener\">2.1 Projekt &#8211; Ci\u015bnienie, s\u0142o\u0144 i kobieta<\/a><\/li>\n<li><a href=\"http:\/\/maciejko.org\/witryna\/wp-content\/uploads\/2017\/11\/2.2-Projekt-Czy-wieloryb-moglby-chodzic.pdf\" target=\"_blank\" rel=\"noopener\">2.2 Projekt &#8211; Czy wieloryb m\u00f3g\u0142by chodzi\u0107?<\/a><\/li>\n<li><a href=\"http:\/\/maciejko.org\/witryna\/wp-content\/uploads\/2017\/12\/Dlaczego-nie-przyj\u0105\u0142-si\u0119-zegar-dziesi\u0119ciogodzinny.pdf\" target=\"_blank\" rel=\"noopener\">3.1 Projekt &#8211; Dlaczego nie przyj\u0105\u0142 si\u0119 zegar dziesi\u0119ciogodzinny?<\/a><\/li>\n<li><a href=\"http:\/\/maciejko.org\/witryna\/wp-content\/uploads\/2018\/01\/Kalendarz-Julia\u0144ski-i-gegoria\u0144ski.pdf\" target=\"_blank\" rel=\"noopener\">4.1 Projekt &#8211; Dlaczego zmienia\u0142y si\u0119 kalendarze w Europie?<\/a><\/li>\n<li><a href=\"http:\/\/maciejko.org\/witryna\/wp-content\/uploads\/2018\/12\/Czy-Morze-\u015ar\u00f3dziemne-mo\u017ce-sta\u0107-si\u0119-jeziorem.pdf\" target=\"_blank\" rel=\"noopener\">5.1 Projekt &#8211; Czy Morze \u015ar\u00f3dziemne mo\u017ce sta\u0107 si\u0119 jeziorem?<\/a><\/li>\n<li><a href=\"http:\/\/maciejko.org\/witryna\/wp-content\/uploads\/2018\/12\/Czy-morze-mo\u017ce-wyparowa\u0107.pdf\" rel=\"noopener\">5.2 Projekt &#8211; Czy morze mo\u017ce wyparowa\u0107?\u00a0<\/a><\/li>\n<\/ul>\n","protected":false},"excerpt":{"rendered":"<p>1.1 Projekt &#8211; Jak gor\u0105co jest w piekle? 2.1 Projekt &#8211; Ci\u015bnienie, s\u0142o\u0144 i kobieta 2.2 Projekt &#8211; Czy wieloryb m\u00f3g\u0142by chodzi\u0107? 3.1 Projekt &#8211; Dlaczego nie przyj\u0105\u0142 si\u0119 zegar dziesi\u0119ciogodzinny? 4.1 Projekt &#8211; Dlaczego zmienia\u0142y si\u0119 kalendarze w Europie? &hellip; <a href=\"http:\/\/maciejko.org\/witryna\/okiem-matematyka\/projekty\">Czytaj dalej <span class=\"meta-nav\">&rarr;<\/span><\/a><\/p>\n","protected":false},"author":5,"featured_media":0,"parent":5371,"menu_order":0,"comment_status":"closed","ping_status":"closed","template":"","meta":[],"_links":{"self":[{"href":"http:\/\/maciejko.org\/witryna\/wp-json\/wp\/v2\/pages\/5382"}],"collection":[{"href":"http:\/\/maciejko.org\/witryna\/wp-json\/wp\/v2\/pages"}],"about":[{"href":"http:\/\/maciejko.org\/witryna\/wp-json\/wp\/v2\/types\/page"}],"author":[{"embeddable":true,"href":"http:\/\/maciejko.org\/witryna\/wp-json\/wp\/v2\/users\/5"}],"replies":[{"embeddable":true,"href":"http:\/\/maciejko.org\/witryna\/wp-json\/wp\/v2\/comments?post=5382"}],"version-history":[{"count":14,"href":"http:\/\/maciejko.org\/witryna\/wp-json\/wp\/v2\/pages\/5382\/revisions"}],"predecessor-version":[{"id":5694,"href":"http:\/\/maciejko.org\/witryna\/wp-json\/wp\/v2\/pages\/5382\/revisions\/5694"}],"up":[{"embeddable":true,"href":"http:\/\/maciejko.org\/witryna\/wp-json\/wp\/v2\/pages\/5371"}],"wp:attachment":[{"href":"http:\/\/maciejko.org\/witryna\/wp-json\/wp\/v2\/media?parent=5382"}],"curies":[{"name":"wp","href":"https:\/\/api.w.org\/{rel}","templated":true}]}}