{"id":5308,"date":"2017-08-01T19:39:44","date_gmt":"2017-08-01T18:39:44","guid":{"rendered":"http:\/\/maciejko.org\/witryna\/?page_id=5308"},"modified":"2017-08-01T19:39:53","modified_gmt":"2017-08-01T18:39:53","slug":"odcinek-10","status":"publish","type":"page","link":"http:\/\/maciejko.org\/witryna\/publikacje-2\/filmy-edukacyjne\/wielomiany\/odcinek-10","title":{"rendered":"Odcinek 10. Pierwiastki r\u00f3wna\u0144 wielomianowych, przyk\u0142ady."},"content":{"rendered":"<p><center><iframe src=\"https:\/\/www.youtube.com\/embed\/whB5LVqDKwA\" width=\"854\" height=\"480\" frameborder=\"0\" allowfullscreen=\"allowfullscreen\"><\/iframe><\/center><\/p>\n","protected":false},"excerpt":{"rendered":"","protected":false},"author":5,"featured_media":0,"parent":5286,"menu_order":0,"comment_status":"closed","ping_status":"closed","template":"","meta":[],"_links":{"self":[{"href":"http:\/\/maciejko.org\/witryna\/wp-json\/wp\/v2\/pages\/5308"}],"collection":[{"href":"http:\/\/maciejko.org\/witryna\/wp-json\/wp\/v2\/pages"}],"about":[{"href":"http:\/\/maciejko.org\/witryna\/wp-json\/wp\/v2\/types\/page"}],"author":[{"embeddable":true,"href":"http:\/\/maciejko.org\/witryna\/wp-json\/wp\/v2\/users\/5"}],"replies":[{"embeddable":true,"href":"http:\/\/maciejko.org\/witryna\/wp-json\/wp\/v2\/comments?post=5308"}],"version-history":[{"count":1,"href":"http:\/\/maciejko.org\/witryna\/wp-json\/wp\/v2\/pages\/5308\/revisions"}],"predecessor-version":[{"id":5309,"href":"http:\/\/maciejko.org\/witryna\/wp-json\/wp\/v2\/pages\/5308\/revisions\/5309"}],"up":[{"embeddable":true,"href":"http:\/\/maciejko.org\/witryna\/wp-json\/wp\/v2\/pages\/5286"}],"wp:attachment":[{"href":"http:\/\/maciejko.org\/witryna\/wp-json\/wp\/v2\/media?parent=5308"}],"curies":[{"name":"wp","href":"https:\/\/api.w.org\/{rel}","templated":true}]}}