{"id":5183,"date":"2017-04-11T21:41:24","date_gmt":"2017-04-11T20:41:24","guid":{"rendered":"http:\/\/maciejko.org\/witryna\/?page_id=5183"},"modified":"2017-04-11T21:41:32","modified_gmt":"2017-04-11T20:41:32","slug":"odcinek-3","status":"publish","type":"page","link":"http:\/\/maciejko.org\/witryna\/publikacje-2\/filmy-edukacyjne\/ciagi\/odcinek-3","title":{"rendered":"Odcinek 3. Przyk\u0142ady ci\u0105g\u00f3w arytmetycznych."},"content":{"rendered":"<p><center><iframe src=\"https:\/\/www.youtube.com\/embed\/fOn08PzlHik\" width=\"854\" height=\"480\" frameborder=\"0\" allowfullscreen=\"allowfullscreen\"><\/iframe><\/center><\/p>\n","protected":false},"excerpt":{"rendered":"","protected":false},"author":5,"featured_media":0,"parent":5174,"menu_order":0,"comment_status":"closed","ping_status":"closed","template":"","meta":[],"_links":{"self":[{"href":"http:\/\/maciejko.org\/witryna\/wp-json\/wp\/v2\/pages\/5183"}],"collection":[{"href":"http:\/\/maciejko.org\/witryna\/wp-json\/wp\/v2\/pages"}],"about":[{"href":"http:\/\/maciejko.org\/witryna\/wp-json\/wp\/v2\/types\/page"}],"author":[{"embeddable":true,"href":"http:\/\/maciejko.org\/witryna\/wp-json\/wp\/v2\/users\/5"}],"replies":[{"embeddable":true,"href":"http:\/\/maciejko.org\/witryna\/wp-json\/wp\/v2\/comments?post=5183"}],"version-history":[{"count":1,"href":"http:\/\/maciejko.org\/witryna\/wp-json\/wp\/v2\/pages\/5183\/revisions"}],"predecessor-version":[{"id":5184,"href":"http:\/\/maciejko.org\/witryna\/wp-json\/wp\/v2\/pages\/5183\/revisions\/5184"}],"up":[{"embeddable":true,"href":"http:\/\/maciejko.org\/witryna\/wp-json\/wp\/v2\/pages\/5174"}],"wp:attachment":[{"href":"http:\/\/maciejko.org\/witryna\/wp-json\/wp\/v2\/media?parent=5183"}],"curies":[{"name":"wp","href":"https:\/\/api.w.org\/{rel}","templated":true}]}}