{"id":4999,"date":"2016-11-07T22:13:28","date_gmt":"2016-11-07T21:13:28","guid":{"rendered":"http:\/\/maciejko.org\/witryna\/?page_id=4999"},"modified":"2016-11-07T22:13:28","modified_gmt":"2016-11-07T21:13:28","slug":"uklady-rownan-liniowych","status":"publish","type":"page","link":"http:\/\/maciejko.org\/witryna\/publikacje-2\/karty-pracy\/algebra\/uklady-rownan-liniowych","title":{"rendered":"Uk\u0142ady r\u00f3wna\u0144 liniowych"},"content":{"rendered":"<ul>\n<li><a href=\"http:\/\/maciejko.org\/witryna\/wp-content\/uploads\/2016\/10\/Karta-nr.24.1-R\u00f3wnania-z-dwiema-niewiadomymi.pdf\" target=\"_blank\">Karta 24.1; R\u00f3wnania z dwiema niewiadomymi<\/a><\/li>\n<li><a href=\"http:\/\/maciejko.org\/witryna\/wp-content\/uploads\/2016\/10\/Karta-nr.24.2-Uk\u0142ady-r\u00f3wna\u0144-z-dwiema-niewiadomymi.pdf\n\" target=\"_blank\">Karta 24.2; Uk\u0142ady r\u00f3wna\u0144 z dwiema niewiadomymi<\/a><\/li>\n<li><a href=\"http:\/\/maciejko.org\/witryna\/wp-content\/uploads\/2016\/11\/Karta-nr.24.3-Rozwi\u0105zywanie-uk\u0142ad\u00f3w-r\u00f3wna\u0144.pdf\" target=\"_blank\">Karta 24.3; Rozwi\u0105zywanie uk\u0142ad\u00f3w r\u00f3wna\u0144<\/a><\/li>\n<li><a href=\"http:\/\/maciejko.org\/witryna\/wp-content\/uploads\/2016\/11\/Karta-nr.24.4-Rozwi\u0105zywanie-uk\u0142ad\u00f3w-r\u00f3wna\u0144.pdf\" target=\"_blank\">Karta 24.4; Rozwi\u0105zywanie uk\u0142ad\u00f3w r\u00f3wna\u0144<\/a><\/li>\n<li><a href=\"http:\/\/maciejko.org\/witryna\/wp-content\/uploads\/2016\/11\/Karta-nr.24.5-Graficzne-rozwi\u0105zywanie-uklad\u00f3w-r\u00f3wna\u0144.pdf\" target=\"_blank\">Karta 24.5; Graficzne rozwi\u0105zywanie uk\u0142ad\u00f3w r\u00f3wna\u0144<\/a><\/li>\n<li><a href=\"http:\/\/maciejko.org\/witryna\/wp-content\/uploads\/2016\/11\/Karta-nr.24.6-Graficzne-rozwi\u0105zywanie-uklad\u00f3w-r\u00f3wna\u0144.pdf\" target=\"_blank\">Karta 24.6; Graficzne rozwi\u0105zywanie uk\u0142ad\u00f3w r\u00f3wna\u0144<\/a><\/li>\n<\/ul>\n","protected":false},"excerpt":{"rendered":"<p>Karta 24.1; R\u00f3wnania z dwiema niewiadomymi Karta 24.2; Uk\u0142ady r\u00f3wna\u0144 z dwiema niewiadomymi Karta 24.3; Rozwi\u0105zywanie uk\u0142ad\u00f3w r\u00f3wna\u0144 Karta 24.4; Rozwi\u0105zywanie uk\u0142ad\u00f3w r\u00f3wna\u0144 Karta 24.5; Graficzne rozwi\u0105zywanie uk\u0142ad\u00f3w r\u00f3wna\u0144 Karta 24.6; Graficzne rozwi\u0105zywanie uk\u0142ad\u00f3w r\u00f3wna\u0144<\/p>\n","protected":false},"author":5,"featured_media":0,"parent":4613,"menu_order":0,"comment_status":"closed","ping_status":"closed","template":"sidebar-page.php","meta":[],"_links":{"self":[{"href":"http:\/\/maciejko.org\/witryna\/wp-json\/wp\/v2\/pages\/4999"}],"collection":[{"href":"http:\/\/maciejko.org\/witryna\/wp-json\/wp\/v2\/pages"}],"about":[{"href":"http:\/\/maciejko.org\/witryna\/wp-json\/wp\/v2\/types\/page"}],"author":[{"embeddable":true,"href":"http:\/\/maciejko.org\/witryna\/wp-json\/wp\/v2\/users\/5"}],"replies":[{"embeddable":true,"href":"http:\/\/maciejko.org\/witryna\/wp-json\/wp\/v2\/comments?post=4999"}],"version-history":[{"count":1,"href":"http:\/\/maciejko.org\/witryna\/wp-json\/wp\/v2\/pages\/4999\/revisions"}],"predecessor-version":[{"id":5000,"href":"http:\/\/maciejko.org\/witryna\/wp-json\/wp\/v2\/pages\/4999\/revisions\/5000"}],"up":[{"embeddable":true,"href":"http:\/\/maciejko.org\/witryna\/wp-json\/wp\/v2\/pages\/4613"}],"wp:attachment":[{"href":"http:\/\/maciejko.org\/witryna\/wp-json\/wp\/v2\/media?parent=4999"}],"curies":[{"name":"wp","href":"https:\/\/api.w.org\/{rel}","templated":true}]}}