{"id":4694,"date":"2016-06-06T20:01:27","date_gmt":"2016-06-06T19:01:27","guid":{"rendered":"http:\/\/maciejko.org\/witryna\/?page_id=4694"},"modified":"2017-08-05T19:21:56","modified_gmt":"2017-08-05T18:21:56","slug":"testy-sprawdzajace","status":"publish","type":"page","link":"http:\/\/maciejko.org\/witryna\/publikacje-2\/karty-pracy\/testy-sprawdzajace","title":{"rendered":"Testy sprawdzaj\u0105ce"},"content":{"rendered":"<ul>\n<li><a href=\"http:\/\/maciejko.org\/witryna\/wp-content\/uploads\/2011\/12\/kl-1-Test-wstepny-a.pdf\" target=\"_blank\">1. Karta wst\u0119pna a, kl. I<\/a><\/li>\n<li><a href=\"http:\/\/maciejko.org\/witryna\/wp-content\/uploads\/2011\/12\/kl-1-Test-wstepny-b.pdf\" target=\"_blank\">2. Karta wst\u0119pna b, kl. I<\/a><\/li>\n<li><a href=\"http:\/\/maciejko.org\/witryna\/wp-content\/uploads\/2011\/12\/kl-2-Test-wstepny-a.pdf\" target=\"_blank\">3. Karta wst\u0119pna a, kl. II<\/a><\/li>\n<li><a href=\"http:\/\/maciejko.org\/witryna\/wp-content\/uploads\/2011\/12\/kl-2-Test-wstepny-b.pdf\" target=\"_blank\">4. Karta wst\u0119pna b, kl. II<\/a><\/li>\n<li><a href=\"http:\/\/maciejko.org\/witryna\/wp-content\/uploads\/2011\/12\/kl-3-Test-wstepny-a.pdf\" target=\"_blank\">5. Karta wst\u0119pna a, kl. III<\/a><\/li>\n<li><a href=\"http:\/\/maciejko.org\/witryna\/wp-content\/uploads\/2011\/12\/kl-3-Test-wstepny-b.pdf\" target=\"_blank\">6. Karta wst\u0119pna b, kl. III<\/a><\/li>\n<li><a href=\"http:\/\/maciejko.org\/witryna\/wp-content\/uploads\/2017\/04\/Karta-21-B-test.pdf\" target=\"_blank\">Karta B. Test <\/a><\/li>\n<\/ul>\n","protected":false},"excerpt":{"rendered":"<p>1. Karta wst\u0119pna a, kl. I 2. Karta wst\u0119pna b, kl. I 3. Karta wst\u0119pna a, kl. II 4. Karta wst\u0119pna b, kl. II 5. Karta wst\u0119pna a, kl. III 6. Karta wst\u0119pna b, kl. III Karta B. Test<\/p>\n","protected":false},"author":5,"featured_media":0,"parent":1793,"menu_order":0,"comment_status":"closed","ping_status":"closed","template":"sidebar-page.php","meta":[],"_links":{"self":[{"href":"http:\/\/maciejko.org\/witryna\/wp-json\/wp\/v2\/pages\/4694"}],"collection":[{"href":"http:\/\/maciejko.org\/witryna\/wp-json\/wp\/v2\/pages"}],"about":[{"href":"http:\/\/maciejko.org\/witryna\/wp-json\/wp\/v2\/types\/page"}],"author":[{"embeddable":true,"href":"http:\/\/maciejko.org\/witryna\/wp-json\/wp\/v2\/users\/5"}],"replies":[{"embeddable":true,"href":"http:\/\/maciejko.org\/witryna\/wp-json\/wp\/v2\/comments?post=4694"}],"version-history":[{"count":2,"href":"http:\/\/maciejko.org\/witryna\/wp-json\/wp\/v2\/pages\/4694\/revisions"}],"predecessor-version":[{"id":5325,"href":"http:\/\/maciejko.org\/witryna\/wp-json\/wp\/v2\/pages\/4694\/revisions\/5325"}],"up":[{"embeddable":true,"href":"http:\/\/maciejko.org\/witryna\/wp-json\/wp\/v2\/pages\/1793"}],"wp:attachment":[{"href":"http:\/\/maciejko.org\/witryna\/wp-json\/wp\/v2\/media?parent=4694"}],"curies":[{"name":"wp","href":"https:\/\/api.w.org\/{rel}","templated":true}]}}