{"id":4688,"date":"2016-06-06T19:57:17","date_gmt":"2016-06-06T18:57:17","guid":{"rendered":"http:\/\/maciejko.org\/witryna\/?page_id=4688"},"modified":"2016-06-23T11:13:14","modified_gmt":"2016-06-23T10:13:14","slug":"proporcje","status":"publish","type":"page","link":"http:\/\/maciejko.org\/witryna\/publikacje-2\/karty-pracy\/prawdopodobienstwo-i-statystyka\/proporcje","title":{"rendered":"Proporcje"},"content":{"rendered":"<ul>\n<li><a href=\"http:\/\/maciejko.org\/witryna\/wp-content\/uploads\/2013\/03\/Karta-nr-11.1-proporcjonalnos\u0107-prosta.pdf\" target=\"_blank\">Karta 11.1; Proporcjonalno\u015b\u0107 prosta<\/a><\/li>\n<li><a href=\"http:\/\/maciejko.org\/witryna\/wp-content\/uploads\/2013\/03\/Karta-nr-11.2-proporcjonalnos\u0107-prosta.pdf\" target=\"_blank\">Karta 11.2; Proporcjonalno\u015b\u0107 prosta, wykresy<\/a><\/li>\n<li><a href=\"http:\/\/maciejko.org\/witryna\/wp-content\/uploads\/2013\/03\/Karta-nr-11.3-Proporcje-.pdf\" target=\"_blank\">Karta 11.3; Proporcje<\/a><\/li>\n<\/ul>\n","protected":false},"excerpt":{"rendered":"<p>Karta 11.1; Proporcjonalno\u015b\u0107 prosta Karta 11.2; Proporcjonalno\u015b\u0107 prosta, wykresy Karta 11.3; Proporcje<\/p>\n","protected":false},"author":5,"featured_media":0,"parent":4684,"menu_order":0,"comment_status":"closed","ping_status":"closed","template":"sidebar-page.php","meta":[],"_links":{"self":[{"href":"http:\/\/maciejko.org\/witryna\/wp-json\/wp\/v2\/pages\/4688"}],"collection":[{"href":"http:\/\/maciejko.org\/witryna\/wp-json\/wp\/v2\/pages"}],"about":[{"href":"http:\/\/maciejko.org\/witryna\/wp-json\/wp\/v2\/types\/page"}],"author":[{"embeddable":true,"href":"http:\/\/maciejko.org\/witryna\/wp-json\/wp\/v2\/users\/5"}],"replies":[{"embeddable":true,"href":"http:\/\/maciejko.org\/witryna\/wp-json\/wp\/v2\/comments?post=4688"}],"version-history":[{"count":2,"href":"http:\/\/maciejko.org\/witryna\/wp-json\/wp\/v2\/pages\/4688\/revisions"}],"predecessor-version":[{"id":4809,"href":"http:\/\/maciejko.org\/witryna\/wp-json\/wp\/v2\/pages\/4688\/revisions\/4809"}],"up":[{"embeddable":true,"href":"http:\/\/maciejko.org\/witryna\/wp-json\/wp\/v2\/pages\/4684"}],"wp:attachment":[{"href":"http:\/\/maciejko.org\/witryna\/wp-json\/wp\/v2\/media?parent=4688"}],"curies":[{"name":"wp","href":"https:\/\/api.w.org\/{rel}","templated":true}]}}