{"id":4665,"date":"2016-06-06T19:09:17","date_gmt":"2016-06-06T18:09:17","guid":{"rendered":"http:\/\/maciejko.org\/witryna\/?page_id=4665"},"modified":"2016-06-23T10:57:06","modified_gmt":"2016-06-23T09:57:06","slug":"konstrukcje-geometryczne-na-plaszczyznie","status":"publish","type":"page","link":"http:\/\/maciejko.org\/witryna\/publikacje-2\/karty-pracy\/geometria\/figury-geometryczne-na-plaszczyznie\/konstrukcje-geometryczne-na-plaszczyznie","title":{"rendered":"Konstrukcje geometryczne na p\u0142aszczy\u017anie"},"content":{"rendered":"<li><a href=\"http:\/\/maciejko.org\/witryna\/wp-content\/uploads\/2012\/03\/Karta-nr-8.6-Konstrukcje-geometryczne.pdf\" target=\"_blank\">Karta 8.6; Konstrukcje geometryczne<\/a><\/li>\n<li><a href=\"http:\/\/maciejko.org\/witryna\/wp-content\/uploads\/2012\/03\/Karta-nr-8.9-Konstrukcje-geometrycznetr\u00f3jlistki1.pdf\" target=\"_blank\">Karta 8.9; Konstrukcje &#8211; geometryczne tr\u00f3jlistki<\/a><\/li>\n<li><a href=\"http:\/\/maciejko.org\/witryna\/wp-content\/uploads\/2013\/12\/Karta-nr.18.2-Konstrukcje-Wielok\u0105ty-foremne.pdf\" target=\"_blank\">Karta 18.2; Konstrukcje wielok\u0105t\u00f3w foremnych<\/a><\/li>\n","protected":false},"excerpt":{"rendered":"<p>Karta 8.6; Konstrukcje geometryczne Karta 8.9; Konstrukcje &#8211; geometryczne tr\u00f3jlistki Karta 18.2; Konstrukcje wielok\u0105t\u00f3w foremnych<\/p>\n","protected":false},"author":5,"featured_media":0,"parent":4659,"menu_order":0,"comment_status":"closed","ping_status":"closed","template":"sidebar-page.php","meta":[],"_links":{"self":[{"href":"http:\/\/maciejko.org\/witryna\/wp-json\/wp\/v2\/pages\/4665"}],"collection":[{"href":"http:\/\/maciejko.org\/witryna\/wp-json\/wp\/v2\/pages"}],"about":[{"href":"http:\/\/maciejko.org\/witryna\/wp-json\/wp\/v2\/types\/page"}],"author":[{"embeddable":true,"href":"http:\/\/maciejko.org\/witryna\/wp-json\/wp\/v2\/users\/5"}],"replies":[{"embeddable":true,"href":"http:\/\/maciejko.org\/witryna\/wp-json\/wp\/v2\/comments?post=4665"}],"version-history":[{"count":3,"href":"http:\/\/maciejko.org\/witryna\/wp-json\/wp\/v2\/pages\/4665\/revisions"}],"predecessor-version":[{"id":4797,"href":"http:\/\/maciejko.org\/witryna\/wp-json\/wp\/v2\/pages\/4665\/revisions\/4797"}],"up":[{"embeddable":true,"href":"http:\/\/maciejko.org\/witryna\/wp-json\/wp\/v2\/pages\/4659"}],"wp:attachment":[{"href":"http:\/\/maciejko.org\/witryna\/wp-json\/wp\/v2\/media?parent=4665"}],"curies":[{"name":"wp","href":"https:\/\/api.w.org\/{rel}","templated":true}]}}