{"id":4653,"date":"2016-06-06T16:21:43","date_gmt":"2016-06-06T15:21:43","guid":{"rendered":"http:\/\/maciejko.org\/witryna\/?page_id=4653"},"modified":"2017-08-05T19:35:34","modified_gmt":"2017-08-05T18:35:34","slug":"funkcja-liniowa-w-ukladzie-wspolrzednych","status":"publish","type":"page","link":"http:\/\/maciejko.org\/witryna\/publikacje-2\/karty-pracy\/geometria\/uklad-wspolrzednych\/funkcja-liniowa-w-ukladzie-wspolrzednych","title":{"rendered":"Funkcja liniowa w uk\u0142adzie wsp\u00f3\u0142rz\u0119dnych"},"content":{"rendered":"<li><a href=\"http:\/\/maciejko.org\/witryna\/wp-content\/uploads\/2017\/03\/Karta-nr-11.4-Proporcjonalnos\u0107-prosta-w-uk\u0142adzie-wsp\u00f3\u0142rz\u0119dnych.pdf\" target=\"_blank\">Karta 11.4; Proporcjonalno\u015b\u0107 prosta w uk\u0142adzie wsp\u00f3\u0142rz\u0119dnych<\/a><\/li>\n<li><a href=\"http:\/\/maciejko.org\/witryna\/wp-content\/uploads\/2017\/03\/Karta-nr-11.5-Proporcjonalnos\u0107-prosta-w-uk\u0142adzie-wsp\u00f3\u0142rz\u0119dnych.pdf\" target=\"_blank\">Karta 11.5; Proporcjonalno\u015b\u0107 prosta w uk\u0142adzie wsp\u00f3\u0142rz\u0119dnych<\/a><\/li>\n<li><a href=\"http:\/\/maciejko.org\/witryna\/wp-content\/uploads\/2013\/10\/Karta-nr-16.1-Funkcja-liniowa-doc.pdf\" target=\"_blank\">Karta 16.1; Funkcja liniowa<\/a><\/li>\n<li><a href=\"http:\/\/maciejko.org\/witryna\/wp-content\/uploads\/2013\/10\/Karta-nr-16.2-Funkcja-liniowawykresy-doc.pdf\" target=\"_blank\">Karta 16.2; Funkcja liniowa, wykresy<\/a><\/li>\n<li><a href=\"http:\/\/maciejko.org\/witryna\/wp-content\/uploads\/2013\/11\/Karta-nr-16.7-Funkcja-rosn\u0105ca-doc.pdf\" target=\"_blank\">Karta 16.7; Funkcja rosn\u0105ca<\/a><\/li>\n<li><a href=\"http:\/\/maciejko.org\/witryna\/wp-content\/uploads\/2013\/11\/Karta-nr-16.8-Funkcja-malej\u0105ca-doc.pdf\" target=\"_blank\">Karta 16.8; Funkcja malej\u0105ca<\/a><\/li>\n<li><a href=\"http:\/\/maciejko.org\/witryna\/wp-content\/uploads\/2013\/11\/Karta-nr-16.9-Funkcja-rosn\u0105ca-malej\u0105ca-i-sta\u0142adoc.pdf\" target=\"_blank\">Karta 16.9; Funkcja rosn\u0105ca, malej\u0105ca i sta\u0142a<\/a><\/li>\n","protected":false},"excerpt":{"rendered":"<p>Karta 11.4; Proporcjonalno\u015b\u0107 prosta w uk\u0142adzie wsp\u00f3\u0142rz\u0119dnych Karta 11.5; Proporcjonalno\u015b\u0107 prosta w uk\u0142adzie wsp\u00f3\u0142rz\u0119dnych Karta 16.1; Funkcja liniowa Karta 16.2; Funkcja liniowa, wykresy Karta 16.7; Funkcja rosn\u0105ca Karta 16.8; Funkcja malej\u0105ca Karta 16.9; Funkcja rosn\u0105ca, malej\u0105ca i sta\u0142a<\/p>\n","protected":false},"author":5,"featured_media":0,"parent":4646,"menu_order":0,"comment_status":"closed","ping_status":"closed","template":"sidebar-page.php","meta":[],"_links":{"self":[{"href":"http:\/\/maciejko.org\/witryna\/wp-json\/wp\/v2\/pages\/4653"}],"collection":[{"href":"http:\/\/maciejko.org\/witryna\/wp-json\/wp\/v2\/pages"}],"about":[{"href":"http:\/\/maciejko.org\/witryna\/wp-json\/wp\/v2\/types\/page"}],"author":[{"embeddable":true,"href":"http:\/\/maciejko.org\/witryna\/wp-json\/wp\/v2\/users\/5"}],"replies":[{"embeddable":true,"href":"http:\/\/maciejko.org\/witryna\/wp-json\/wp\/v2\/comments?post=4653"}],"version-history":[{"count":3,"href":"http:\/\/maciejko.org\/witryna\/wp-json\/wp\/v2\/pages\/4653\/revisions"}],"predecessor-version":[{"id":5329,"href":"http:\/\/maciejko.org\/witryna\/wp-json\/wp\/v2\/pages\/4653\/revisions\/5329"}],"up":[{"embeddable":true,"href":"http:\/\/maciejko.org\/witryna\/wp-json\/wp\/v2\/pages\/4646"}],"wp:attachment":[{"href":"http:\/\/maciejko.org\/witryna\/wp-json\/wp\/v2\/media?parent=4653"}],"curies":[{"name":"wp","href":"https:\/\/api.w.org\/{rel}","templated":true}]}}