{"id":4646,"date":"2016-06-06T16:14:57","date_gmt":"2016-06-06T15:14:57","guid":{"rendered":"http:\/\/maciejko.org\/witryna\/?page_id=4646"},"modified":"2016-06-06T16:14:57","modified_gmt":"2016-06-06T15:14:57","slug":"uklad-wspolrzednych","status":"publish","type":"page","link":"http:\/\/maciejko.org\/witryna\/publikacje-2\/karty-pracy\/geometria\/uklad-wspolrzednych","title":{"rendered":"Uk\u0142ad wsp\u00f3\u0142rz\u0119dnych"},"content":{"rendered":"<ul class=\"su-subpages\"><li class=\"page_item page-item-4653\"><a href=\"http:\/\/maciejko.org\/witryna\/publikacje-2\/karty-pracy\/geometria\/uklad-wspolrzednych\/funkcja-liniowa-w-ukladzie-wspolrzednych\">Funkcja liniowa w uk\u0142adzie wsp\u00f3\u0142rz\u0119dnych<\/a><\/li>\n<li class=\"page_item page-item-4648\"><a href=\"http:\/\/maciejko.org\/witryna\/publikacje-2\/karty-pracy\/geometria\/uklad-wspolrzednych\/punkty-w-ukladzie-wspolrzednych\">Punkty w uk\u0142adzie wsp\u00f3\u0142rz\u0119dnych<\/a><\/li>\n<li class=\"page_item page-item-4650\"><a href=\"http:\/\/maciejko.org\/witryna\/publikacje-2\/karty-pracy\/geometria\/uklad-wspolrzednych\/symetria-w-ukladzie-wspolrzednych\">Symetria w uk\u0142adzie wsp\u00f3\u0142rz\u0119dnych<\/a><\/li>\n<\/ul>\n","protected":false},"excerpt":{"rendered":"","protected":false},"author":5,"featured_media":0,"parent":4644,"menu_order":0,"comment_status":"closed","ping_status":"closed","template":"sidebar-page.php","meta":[],"_links":{"self":[{"href":"http:\/\/maciejko.org\/witryna\/wp-json\/wp\/v2\/pages\/4646"}],"collection":[{"href":"http:\/\/maciejko.org\/witryna\/wp-json\/wp\/v2\/pages"}],"about":[{"href":"http:\/\/maciejko.org\/witryna\/wp-json\/wp\/v2\/types\/page"}],"author":[{"embeddable":true,"href":"http:\/\/maciejko.org\/witryna\/wp-json\/wp\/v2\/users\/5"}],"replies":[{"embeddable":true,"href":"http:\/\/maciejko.org\/witryna\/wp-json\/wp\/v2\/comments?post=4646"}],"version-history":[{"count":1,"href":"http:\/\/maciejko.org\/witryna\/wp-json\/wp\/v2\/pages\/4646\/revisions"}],"predecessor-version":[{"id":4647,"href":"http:\/\/maciejko.org\/witryna\/wp-json\/wp\/v2\/pages\/4646\/revisions\/4647"}],"up":[{"embeddable":true,"href":"http:\/\/maciejko.org\/witryna\/wp-json\/wp\/v2\/pages\/4644"}],"wp:attachment":[{"href":"http:\/\/maciejko.org\/witryna\/wp-json\/wp\/v2\/media?parent=4646"}],"curies":[{"name":"wp","href":"https:\/\/api.w.org\/{rel}","templated":true}]}}