{"id":4613,"date":"2016-06-06T15:25:46","date_gmt":"2016-06-06T14:25:46","guid":{"rendered":"http:\/\/maciejko.org\/witryna\/?page_id=4613"},"modified":"2016-06-06T15:58:35","modified_gmt":"2016-06-06T14:58:35","slug":"algebra","status":"publish","type":"page","link":"http:\/\/maciejko.org\/witryna\/publikacje-2\/karty-pracy\/algebra","title":{"rendered":"Algebra"},"content":{"rendered":"<ul class=\"su-subpages\"><li class=\"page_item page-item-4642\"><a href=\"http:\/\/maciejko.org\/witryna\/publikacje-2\/karty-pracy\/algebra\/dzialania-na-wyrazeniach-algebraicznych\">Dzia\u0142ania na wyra\u017ceniach algebraicznych<\/a><\/li>\n<li class=\"page_item page-item-4669 page_item_has_children\"><a href=\"http:\/\/maciejko.org\/witryna\/publikacje-2\/karty-pracy\/algebra\/rownania-i-nierownosci\">R\u00f3wnania i nier\u00f3wno\u015bci<\/a>\n<ul class='children'>\n\t<li class=\"page_item page-item-4673\"><a href=\"http:\/\/maciejko.org\/witryna\/publikacje-2\/karty-pracy\/algebra\/rownania-i-nierownosci\/nierownosci\">Nier\u00f3wno\u015bci<\/a><\/li>\n\t<li class=\"page_item page-item-4671\"><a href=\"http:\/\/maciejko.org\/witryna\/publikacje-2\/karty-pracy\/algebra\/rownania-i-nierownosci\/rownania-z-jedna-niewiadoma\">R\u00f3wnania z jedn\u0105 niewiadom\u0105<\/a><\/li>\n<\/ul>\n<\/li>\n<li class=\"page_item page-item-4999\"><a href=\"http:\/\/maciejko.org\/witryna\/publikacje-2\/karty-pracy\/algebra\/uklady-rownan-liniowych\">Uk\u0142ady r\u00f3wna\u0144 liniowych<\/a><\/li>\n<li class=\"page_item page-item-4640\"><a href=\"http:\/\/maciejko.org\/witryna\/publikacje-2\/karty-pracy\/algebra\/wyrazenia-algebraiczne\">Wyra\u017cenia algebraiczne<\/a><\/li>\n<\/ul>\n","protected":false},"excerpt":{"rendered":"","protected":false},"author":5,"featured_media":0,"parent":1793,"menu_order":0,"comment_status":"closed","ping_status":"closed","template":"sidebar-page.php","meta":[],"_links":{"self":[{"href":"http:\/\/maciejko.org\/witryna\/wp-json\/wp\/v2\/pages\/4613"}],"collection":[{"href":"http:\/\/maciejko.org\/witryna\/wp-json\/wp\/v2\/pages"}],"about":[{"href":"http:\/\/maciejko.org\/witryna\/wp-json\/wp\/v2\/types\/page"}],"author":[{"embeddable":true,"href":"http:\/\/maciejko.org\/witryna\/wp-json\/wp\/v2\/users\/5"}],"replies":[{"embeddable":true,"href":"http:\/\/maciejko.org\/witryna\/wp-json\/wp\/v2\/comments?post=4613"}],"version-history":[{"count":6,"href":"http:\/\/maciejko.org\/witryna\/wp-json\/wp\/v2\/pages\/4613\/revisions"}],"predecessor-version":[{"id":4639,"href":"http:\/\/maciejko.org\/witryna\/wp-json\/wp\/v2\/pages\/4613\/revisions\/4639"}],"up":[{"embeddable":true,"href":"http:\/\/maciejko.org\/witryna\/wp-json\/wp\/v2\/pages\/1793"}],"wp:attachment":[{"href":"http:\/\/maciejko.org\/witryna\/wp-json\/wp\/v2\/media?parent=4613"}],"curies":[{"name":"wp","href":"https:\/\/api.w.org\/{rel}","templated":true}]}}