{"id":3913,"date":"2015-04-20T02:38:30","date_gmt":"2015-04-20T01:38:30","guid":{"rendered":"http:\/\/maciejko.org\/witryna\/?page_id=3913"},"modified":"2015-04-20T02:38:39","modified_gmt":"2015-04-20T01:38:39","slug":"odcinek-3-rozwiazywanie-rownan-przyklady","status":"publish","type":"page","link":"http:\/\/maciejko.org\/witryna\/publikacje-2\/filmy-edukacyjne\/rownania-liniowe\/odcinek-3-rozwiazywanie-rownan-przyklady","title":{"rendered":"Odcinek 3. Rozwiazywanie r\u00f3wna\u0144, przyk\u0142ady."},"content":{"rendered":"<p><center><iframe src=\"https:\/\/www.youtube.com\/embed\/GDuGPbm59BQ\" width=\"854\" height=\"560\" frameborder=\"0\" allowfullscreen=\"allowfullscreen\"><\/iframe><\/center><\/p>\n","protected":false},"excerpt":{"rendered":"","protected":false},"author":4,"featured_media":0,"parent":3903,"menu_order":0,"comment_status":"closed","ping_status":"open","template":"","meta":[],"_links":{"self":[{"href":"http:\/\/maciejko.org\/witryna\/wp-json\/wp\/v2\/pages\/3913"}],"collection":[{"href":"http:\/\/maciejko.org\/witryna\/wp-json\/wp\/v2\/pages"}],"about":[{"href":"http:\/\/maciejko.org\/witryna\/wp-json\/wp\/v2\/types\/page"}],"author":[{"embeddable":true,"href":"http:\/\/maciejko.org\/witryna\/wp-json\/wp\/v2\/users\/4"}],"replies":[{"embeddable":true,"href":"http:\/\/maciejko.org\/witryna\/wp-json\/wp\/v2\/comments?post=3913"}],"version-history":[{"count":1,"href":"http:\/\/maciejko.org\/witryna\/wp-json\/wp\/v2\/pages\/3913\/revisions"}],"predecessor-version":[{"id":3915,"href":"http:\/\/maciejko.org\/witryna\/wp-json\/wp\/v2\/pages\/3913\/revisions\/3915"}],"up":[{"embeddable":true,"href":"http:\/\/maciejko.org\/witryna\/wp-json\/wp\/v2\/pages\/3903"}],"wp:attachment":[{"href":"http:\/\/maciejko.org\/witryna\/wp-json\/wp\/v2\/media?parent=3913"}],"curies":[{"name":"wp","href":"https:\/\/api.w.org\/{rel}","templated":true}]}}