{"id":2845,"date":"2013-05-03T14:14:49","date_gmt":"2013-05-03T12:14:49","guid":{"rendered":"http:\/\/maciejko.org\/witryna\/?page_id=2845"},"modified":"2013-05-03T14:14:49","modified_gmt":"2013-05-03T12:14:49","slug":"odcinek-7-zarobki-i-podatki","status":"publish","type":"page","link":"http:\/\/maciejko.org\/witryna\/publikacje-2\/filmy-edukacyjne\/procenty\/odcinek-7-zarobki-i-podatki","title":{"rendered":"Odcinek 7. Zarobki i podatki."},"content":{"rendered":"<p><iframe width=\"836\" height=\"470\" src=\"http:\/\/www.youtube.com\/embed\/f9CFrJTPcoQ?rel=0\" frameborder=\"0\" allowfullscreen><\/iframe><\/p>\n<p>Przedstawiamy sytuacje, w kt\u00f3rych zwracamy uwag\u0119, na istnienie podatk\u00f3w od zarobk\u00f3w i jak wp\u0142ywaj\u0105 one na nasze zarobki. Przedstawione sytuacje s\u0105 modelami uproszczonymi, w kt\u00f3rych bierzemy pod uwag\u0119 tylko jeden podatek.<\/p>\n","protected":false},"excerpt":{"rendered":"<p>Przedstawiamy sytuacje, w kt\u00f3rych zwracamy uwag\u0119, na istnienie podatk\u00f3w od zarobk\u00f3w i jak wp\u0142ywaj\u0105 one na nasze zarobki. Przedstawione sytuacje s\u0105 modelami uproszczonymi, w kt\u00f3rych bierzemy pod uwag\u0119 tylko jeden podatek.<\/p>\n","protected":false},"author":3,"featured_media":0,"parent":2806,"menu_order":7,"comment_status":"closed","ping_status":"open","template":"","meta":[],"_links":{"self":[{"href":"http:\/\/maciejko.org\/witryna\/wp-json\/wp\/v2\/pages\/2845"}],"collection":[{"href":"http:\/\/maciejko.org\/witryna\/wp-json\/wp\/v2\/pages"}],"about":[{"href":"http:\/\/maciejko.org\/witryna\/wp-json\/wp\/v2\/types\/page"}],"author":[{"embeddable":true,"href":"http:\/\/maciejko.org\/witryna\/wp-json\/wp\/v2\/users\/3"}],"replies":[{"embeddable":true,"href":"http:\/\/maciejko.org\/witryna\/wp-json\/wp\/v2\/comments?post=2845"}],"version-history":[{"count":1,"href":"http:\/\/maciejko.org\/witryna\/wp-json\/wp\/v2\/pages\/2845\/revisions"}],"predecessor-version":[{"id":2846,"href":"http:\/\/maciejko.org\/witryna\/wp-json\/wp\/v2\/pages\/2845\/revisions\/2846"}],"up":[{"embeddable":true,"href":"http:\/\/maciejko.org\/witryna\/wp-json\/wp\/v2\/pages\/2806"}],"wp:attachment":[{"href":"http:\/\/maciejko.org\/witryna\/wp-json\/wp\/v2\/media?parent=2845"}],"curies":[{"name":"wp","href":"https:\/\/api.w.org\/{rel}","templated":true}]}}