{"id":2817,"date":"2013-05-03T11:09:45","date_gmt":"2013-05-03T09:09:45","guid":{"rendered":"http:\/\/maciejko.org\/witryna\/?page_id=2817"},"modified":"2013-05-03T11:09:57","modified_gmt":"2013-05-03T09:09:57","slug":"odcinek-2-przyklady-roznych-procentow","status":"publish","type":"page","link":"http:\/\/maciejko.org\/witryna\/publikacje-2\/filmy-edukacyjne\/procenty\/odcinek-2-przyklady-roznych-procentow","title":{"rendered":"Odcinek 2. Przyk\u0142ady r\u00f3\u017cnych procent\u00f3w."},"content":{"rendered":"<p><iframe width=\"836\" height=\"470\" src=\"http:\/\/www.youtube.com\/embed\/Nn0CR2fAjVE?rel=0\" frameborder=\"0\" allowfullscreen><\/iframe><\/p>\n<p>Dalsze przyk\u0142ady procent\u00f3w, w szczeg\u00f3lno\u015bci takie, kt\u00f3re daj\u0105 si\u0119 wyrazi\u0107 prostym u\u0142amkiem, nie tylko dziesi\u0119tnym.<\/p>\n","protected":false},"excerpt":{"rendered":"<p>Dalsze przyk\u0142ady procent\u00f3w, w szczeg\u00f3lno\u015bci takie, kt\u00f3re daj\u0105 si\u0119 wyrazi\u0107 prostym u\u0142amkiem, nie tylko dziesi\u0119tnym.<\/p>\n","protected":false},"author":3,"featured_media":0,"parent":2806,"menu_order":2,"comment_status":"closed","ping_status":"open","template":"","meta":[],"_links":{"self":[{"href":"http:\/\/maciejko.org\/witryna\/wp-json\/wp\/v2\/pages\/2817"}],"collection":[{"href":"http:\/\/maciejko.org\/witryna\/wp-json\/wp\/v2\/pages"}],"about":[{"href":"http:\/\/maciejko.org\/witryna\/wp-json\/wp\/v2\/types\/page"}],"author":[{"embeddable":true,"href":"http:\/\/maciejko.org\/witryna\/wp-json\/wp\/v2\/users\/3"}],"replies":[{"embeddable":true,"href":"http:\/\/maciejko.org\/witryna\/wp-json\/wp\/v2\/comments?post=2817"}],"version-history":[{"count":2,"href":"http:\/\/maciejko.org\/witryna\/wp-json\/wp\/v2\/pages\/2817\/revisions"}],"predecessor-version":[{"id":2819,"href":"http:\/\/maciejko.org\/witryna\/wp-json\/wp\/v2\/pages\/2817\/revisions\/2819"}],"up":[{"embeddable":true,"href":"http:\/\/maciejko.org\/witryna\/wp-json\/wp\/v2\/pages\/2806"}],"wp:attachment":[{"href":"http:\/\/maciejko.org\/witryna\/wp-json\/wp\/v2\/media?parent=2817"}],"curies":[{"name":"wp","href":"https:\/\/api.w.org\/{rel}","templated":true}]}}