{"id":2428,"date":"2012-12-27T12:30:46","date_gmt":"2012-12-27T10:30:46","guid":{"rendered":"http:\/\/maciejko.org\/witryna\/?page_id=2428"},"modified":"2013-04-12T15:35:54","modified_gmt":"2013-04-12T13:35:54","slug":"xix-krajowa-konferencja-snm","status":"publish","type":"page","link":"http:\/\/maciejko.org\/witryna\/okiem-matematyka\/materialy-konferencyjne-2\/xix-krajowa-konferencja-snm","title":{"rendered":"XIX Krajowa Konferencja SNM"},"content":{"rendered":"<p>XIX Krajowa Konferencja SNM odby\u0142a si\u0119 w Gda\u0144sku w 2011 roku. Po raz drugi zosta\u0142o przygotowane wydanie ksi\u0105\u017ckowe materia\u0142\u00f3w pokonferencyjnych, gdzie zamieszczone s\u0105 wybrane wyk\u0142ady, warsztaty i niekt\u00f3re zaj\u0119cia z konferencji. Ksi\u0105\u017cka jest do kupienia w biurze SNM, a form\u0119 elektroniczn\u0105 mog\u0105 Pa\u0144stwo obejrze\u0107 na tej stronie.<\/p>\n<p><a href=\"http:\/\/maciejko.org\/witryna\/?attachment_id=1729\">Kliknij aby pobra\u0107.<\/p>\n<p><\/a><\/p>\n","protected":false},"excerpt":{"rendered":"<p>XIX Krajowa Konferencja SNM odby\u0142a si\u0119 w Gda\u0144sku w 2011 roku. Po raz drugi zosta\u0142o przygotowane wydanie ksi\u0105\u017ckowe materia\u0142\u00f3w pokonferencyjnych, gdzie zamieszczone s\u0105 wybrane wyk\u0142ady, warsztaty i niekt\u00f3re zaj\u0119cia z konferencji. Ksi\u0105\u017cka jest do kupienia w biurze SNM, a form\u0119 &hellip; <a href=\"http:\/\/maciejko.org\/witryna\/okiem-matematyka\/materialy-konferencyjne-2\/xix-krajowa-konferencja-snm\">Czytaj dalej <span class=\"meta-nav\">&rarr;<\/span><\/a><\/p>\n","protected":false},"author":1,"featured_media":0,"parent":2160,"menu_order":2,"comment_status":"closed","ping_status":"closed","template":"","meta":[],"_links":{"self":[{"href":"http:\/\/maciejko.org\/witryna\/wp-json\/wp\/v2\/pages\/2428"}],"collection":[{"href":"http:\/\/maciejko.org\/witryna\/wp-json\/wp\/v2\/pages"}],"about":[{"href":"http:\/\/maciejko.org\/witryna\/wp-json\/wp\/v2\/types\/page"}],"author":[{"embeddable":true,"href":"http:\/\/maciejko.org\/witryna\/wp-json\/wp\/v2\/users\/1"}],"replies":[{"embeddable":true,"href":"http:\/\/maciejko.org\/witryna\/wp-json\/wp\/v2\/comments?post=2428"}],"version-history":[{"count":2,"href":"http:\/\/maciejko.org\/witryna\/wp-json\/wp\/v2\/pages\/2428\/revisions"}],"predecessor-version":[{"id":2722,"href":"http:\/\/maciejko.org\/witryna\/wp-json\/wp\/v2\/pages\/2428\/revisions\/2722"}],"up":[{"embeddable":true,"href":"http:\/\/maciejko.org\/witryna\/wp-json\/wp\/v2\/pages\/2160"}],"wp:attachment":[{"href":"http:\/\/maciejko.org\/witryna\/wp-json\/wp\/v2\/media?parent=2428"}],"curies":[{"name":"wp","href":"https:\/\/api.w.org\/{rel}","templated":true}]}}