{"id":2160,"date":"2012-03-21T11:03:21","date_gmt":"2012-03-21T09:03:21","guid":{"rendered":"http:\/\/maciejko.org\/witryna\/?page_id=2160"},"modified":"2019-02-02T15:02:25","modified_gmt":"2019-02-02T14:02:25","slug":"materialy-konferencyjne-2","status":"publish","type":"page","link":"http:\/\/maciejko.org\/witryna\/okiem-matematyka\/materialy-konferencyjne-2","title":{"rendered":"Materia\u0142y konferencyjne"},"content":{"rendered":"<p>Szanowni Pa\u0144stwo<\/p>\n<p style=\"text-align: justify;\">Zak\u0142adka \u201e materia\u0142y edukacyjne\u201d jest skierowana zar\u00f3wno do nauczycieli, jak i do\u00a0uczni\u00f3w oraz ich rodzic\u00f3w. B\u0119dziemy tu publikowa\u0107 to wszystko, co mo\u017ce wspom\u00f3c\u00a0nauczyciela w jego pracy zawodowej, przyda\u0107 si\u0119 do prowadzenia lekcji, dopom\u00f3c\u00a0uczniowi lub wskaza\u0107 rodzicom, co mog\u0105 podsun\u0105\u0107 swoim dzieciom w ramach\u00a0podnoszenia ich kwalifikacji matematycznych. Zadania na r\u00f3\u017cne poziomy, karty pracy,\u00a0artyku\u0142y, opisy zaj\u0119\u0107 prezentowanych na konferencjach, rozwa\u017cania metodyczne \u2013\u00a0postaramy si\u0119, aby zasoby stale wzrasta\u0142y i by\u0142y r\u00f3\u017cnorodne.<\/p>\n<p style=\"text-align: justify;\">Je\u015bli zechc\u0105 Pa\u0144stwo by ich zadania b\u0105d\u017a ciekawe pomys\u0142y zosta\u0142y tu upublicznione,\u00a0prosz\u0119 je przes\u0142a\u0107 na adres Fundacji , a r\u00f3wnie\u017c je zamie\u015bcimy.<\/p>\n<ul>\n<li><a title=\"XVIII Konferencja SNM\" href=\"http:\/\/maciejko.org\/witryna\/publikacje-2\/materialy-konferencyjne-2\/xviii-konferencja-snm\">XVIII\u00a0Krajowa Konferencja SNM<\/a><\/li>\n<li><a title=\"XIX Krajowa Konferencja SNM\" href=\"http:\/\/maciejko.org\/witryna\/publikacje-2\/materialy-konferencyjne-2\/xix-krajowa-konferencja-snm\">XIX Krajowa Konferencja SNM<\/a><\/li>\n<li><a title=\"XX Krajowa Konferencja SNM\" href=\"http:\/\/maciejko.org\/witryna\/publikacje-2\/materialy-konferencyjne-2\/xx-krajowa-konferencja-snm\">XX Krajowa Konferencja SNM<\/a><\/li>\n<li><a title=\"XXI Krajowa Konferencja SNM\" href=\"http:\/\/maciejko.org\/witryna\/publikacje-2\/materialy-konferencyjne-2\/xxi-krajowa-konferencja-snm\">XXI Krajowa Konferencja SNM<\/a><\/li>\n<li><a title=\"XXII Krajowa Konferencja SNM\" href=\"http:\/\/maciejko.org\/witryna\/publikacje-2\/materialy-konferencyjne-2\/xxii-krajowa-konferencja-snm\">XXII Krajowa Konferencja SNM<\/a><\/li>\n<li><a title=\"XXIII Krajowa Konferencja SNM\" href=\"http:\/\/maciejko.org\/witryna\/publikacje-2\/materialy-konferencyjne-2\/xxiii-krajowa-konferencja-snm\">XXIII Krajowa Konferencja SNM<\/a><\/li>\n<li><a title=\"XXIV Krajowa Konferencja SNM\" href=\"http:\/\/maciejko.org\/witryna\/wp-content\/uploads\/2015\/07\/XXIV-KK-SNMZakopane-Ko\u015bcielisko-2015-docx.pdf\">XXIV Krajowa Konferencja SNM<\/a><\/li>\n<li><a title=\"XXV Krajowa Konferencja SNM\" href=\"http:\/\/maciejko.org\/witryna\/publikacje-2\/materialy-konferencyjne-2\/xxv-krajowa-konferencja-snm\">XXV Krajowa Konferencja SNM<\/a><\/li>\n<li><a href=\"http:\/\/maciejko.org\/witryna\/wp-content\/uploads\/2011\/05\/Nauczanie-zindywidualizowane.pdf\">Nauczanie zindywidualizowane<\/a><\/li>\n<\/ul>\n","protected":false},"excerpt":{"rendered":"<p>Szanowni Pa\u0144stwo Zak\u0142adka \u201e materia\u0142y edukacyjne\u201d jest skierowana zar\u00f3wno do nauczycieli, jak i do\u00a0uczni\u00f3w oraz ich rodzic\u00f3w. B\u0119dziemy tu publikowa\u0107 to wszystko, co mo\u017ce wspom\u00f3c\u00a0nauczyciela w jego pracy zawodowej, przyda\u0107 si\u0119 do prowadzenia lekcji, dopom\u00f3c\u00a0uczniowi lub wskaza\u0107 rodzicom, co mog\u0105 &hellip; <a href=\"http:\/\/maciejko.org\/witryna\/okiem-matematyka\/materialy-konferencyjne-2\">Czytaj dalej <span class=\"meta-nav\">&rarr;<\/span><\/a><\/p>\n","protected":false},"author":1,"featured_media":0,"parent":5371,"menu_order":0,"comment_status":"closed","ping_status":"closed","template":"sidebar-page.php","meta":[],"_links":{"self":[{"href":"http:\/\/maciejko.org\/witryna\/wp-json\/wp\/v2\/pages\/2160"}],"collection":[{"href":"http:\/\/maciejko.org\/witryna\/wp-json\/wp\/v2\/pages"}],"about":[{"href":"http:\/\/maciejko.org\/witryna\/wp-json\/wp\/v2\/types\/page"}],"author":[{"embeddable":true,"href":"http:\/\/maciejko.org\/witryna\/wp-json\/wp\/v2\/users\/1"}],"replies":[{"embeddable":true,"href":"http:\/\/maciejko.org\/witryna\/wp-json\/wp\/v2\/comments?post=2160"}],"version-history":[{"count":42,"href":"http:\/\/maciejko.org\/witryna\/wp-json\/wp\/v2\/pages\/2160\/revisions"}],"predecessor-version":[{"id":4776,"href":"http:\/\/maciejko.org\/witryna\/wp-json\/wp\/v2\/pages\/2160\/revisions\/4776"}],"up":[{"embeddable":true,"href":"http:\/\/maciejko.org\/witryna\/wp-json\/wp\/v2\/pages\/5371"}],"wp:attachment":[{"href":"http:\/\/maciejko.org\/witryna\/wp-json\/wp\/v2\/media?parent=2160"}],"curies":[{"name":"wp","href":"https:\/\/api.w.org\/{rel}","templated":true}]}}