{"id":1468,"date":"2011-05-25T19:14:00","date_gmt":"2011-05-25T19:14:00","guid":{"rendered":"http:\/\/maciejko.org\/witryna\/?page_id=1468"},"modified":"2019-09-30T16:58:11","modified_gmt":"2019-09-30T15:58:11","slug":"struktura-organizacji","status":"publish","type":"page","link":"http:\/\/maciejko.org\/witryna\/fundacja\/struktura-organizacji","title":{"rendered":"Organizacja"},"content":{"rendered":"<h4>Zarz\u0105d nad fundacj\u0105 sprawuje<\/h4>\n<ul>\n<li>Jan Maciejko &#8211; Prezes Zarz\u0105du<br \/>\n(e-mail: <a title=\"E-mail\" href=\"mailto:dorota@maciejko.org\">jan@maciejko.org<\/a>)<\/li>\n<\/ul>\n<h4>Rada Fundator\u00f3w<\/h4>\n<ul>\n<li>Tomasz Maciejko &#8211; Przewodnicz\u0105cy<\/li>\n<li>Dorota Maciejko &#8211; Zast\u0119pca przewodnicz\u0105cego<\/li>\n<li>Ma\u0142gorzata Muniz-Maciejko &#8211; Sekretarz<\/li>\n<li>Jan Maciejko &#8211; cz\u0142onek<\/li>\n<\/ul>\n<h4>Rada Programowa Fundacji Rodziny Maciejko:<\/h4>\n<ul>\n<li>dr in\u017c. Krzysztof Bry\u015b<\/li>\n<li>dr Pawe\u0142 Maciejko<\/li>\n<li>Micha\u0142 Bie\u0144kowski<\/li>\n<li>Piotr Piskorski &#8211; Dyrektor Programowy Fundacji<br \/>\n(e-mail: <a href=\"mailto:Piotr%20Piskorski%20%3Cpiotrek.piskorski%40gmail.com%3E\">piotrek.piskorski@gmail.com<\/a>)<\/li>\n<\/ul>\n","protected":false},"excerpt":{"rendered":"<p>Zarz\u0105d nad fundacj\u0105 sprawuje Jan Maciejko &#8211; Prezes Zarz\u0105du (e-mail: jan@maciejko.org) Rada Fundator\u00f3w Tomasz Maciejko &#8211; Przewodnicz\u0105cy Dorota Maciejko &#8211; Zast\u0119pca przewodnicz\u0105cego Ma\u0142gorzata Muniz-Maciejko &#8211; Sekretarz Jan Maciejko &#8211; cz\u0142onek Rada Programowa Fundacji Rodziny Maciejko: dr in\u017c. Krzysztof Bry\u015b dr &hellip; <a href=\"http:\/\/maciejko.org\/witryna\/fundacja\/struktura-organizacji\">Czytaj dalej <span class=\"meta-nav\">&rarr;<\/span><\/a><\/p>\n","protected":false},"author":1,"featured_media":0,"parent":1412,"menu_order":4,"comment_status":"closed","ping_status":"closed","template":"","meta":[],"_links":{"self":[{"href":"http:\/\/maciejko.org\/witryna\/wp-json\/wp\/v2\/pages\/1468"}],"collection":[{"href":"http:\/\/maciejko.org\/witryna\/wp-json\/wp\/v2\/pages"}],"about":[{"href":"http:\/\/maciejko.org\/witryna\/wp-json\/wp\/v2\/types\/page"}],"author":[{"embeddable":true,"href":"http:\/\/maciejko.org\/witryna\/wp-json\/wp\/v2\/users\/1"}],"replies":[{"embeddable":true,"href":"http:\/\/maciejko.org\/witryna\/wp-json\/wp\/v2\/comments?post=1468"}],"version-history":[{"count":17,"href":"http:\/\/maciejko.org\/witryna\/wp-json\/wp\/v2\/pages\/1468\/revisions"}],"predecessor-version":[{"id":5823,"href":"http:\/\/maciejko.org\/witryna\/wp-json\/wp\/v2\/pages\/1468\/revisions\/5823"}],"up":[{"embeddable":true,"href":"http:\/\/maciejko.org\/witryna\/wp-json\/wp\/v2\/pages\/1412"}],"wp:attachment":[{"href":"http:\/\/maciejko.org\/witryna\/wp-json\/wp\/v2\/media?parent=1468"}],"curies":[{"name":"wp","href":"https:\/\/api.w.org\/{rel}","templated":true}]}}