{"id":1450,"date":"2011-05-25T14:46:35","date_gmt":"2011-05-25T14:46:35","guid":{"rendered":"http:\/\/maciejko.org\/witryna\/?page_id=1450"},"modified":"2012-12-27T02:27:56","modified_gmt":"2012-12-27T00:27:56","slug":"misja-i-cele","status":"publish","type":"page","link":"http:\/\/maciejko.org\/witryna\/fundacja\/misja-i-cele","title":{"rendered":"Misja i cele"},"content":{"rendered":"<h2>MISJA I CELE FUNDACJI<\/h2>\n<p style=\"text-align: justify;\">Powsta\u0142a w 2009 r. Fundacja Rodziny Maciejko ma na celu szeroko zakrojon\u0105 dzia\u0142alno\u015b\u0107 organizowania i wspomagania inicjatyw spo\u0142ecze\u0144stwa obywatelskiego. Jej priorytem jest praca o\u015bwiatowa a w szczeg\u00f3lno\u015bci podnoszenie poziomu wyk\u0142adania matematyki i wiedzy matematycznej uczni\u00f3w polskich szk\u00f3\u0142.<\/p>\n<p style=\"text-align: justify;\">Pragniemy nawi\u0105za\u0107 kontakty ze \u015brodowiskiem dydaktyk\u00f3w, wyk\u0142adowc\u00f3w i nauczycieli matematyki na szczeblach uniwersyteckich i szkolnych. Chcemy z ich udzia\u0142em zdefiniowa\u0107 najbardziej pal\u0105ce problemy z punktu widzenia dydaktyki, szkolenia nauczycieli matematyki i innych, by przygotowa\u0107 i wdra\u017ca\u0107 takie programy przy udziale naszej Fundacji, jakie mog\u0142yby mie\u0107 znacz\u0105cy wk\u0142ad w dokonywaniu pozytywnych zmian w tej dziedzinie.<\/p>\n<p style=\"text-align: justify;\">Fundacja stawia sobie za cel szeroko rozumiane wsparcie dla \u015brodowiska wyk\u0142adowc\u00f3w matematyki w polskich szko\u0142ach i pomoc w nauce matematyki dla naszych uczni\u00f3w przy wykorzystaniu:<\/p>\n<ul>\n<li>\u015arodk\u00f3w w\u0142asnych dla tworzenia program\u00f3w, czy to indywidualnie, czy to w partnerstwie z innymi organizacjami.<\/li>\n<li>Pomocy w wyszukiwaniu i przygotowywaniu wniosk\u00f3w o granty na programy dla organizacji i stowarzysze\u0144 promuj\u0105cych rozw\u00f3j standard\u00f3w nauczania matematyki w szko\u0142ach.<\/li>\n<li>Organizowania i popierania miedzynarodowych kontakt\u00f3w w celach wymiany do\u015bwiadcze\u0144, program\u00f3w i stypendyst\u00f3w.<\/li>\n<li>Gromadzenia i udost\u0119pniania najnowszej i zweryfikowanej ju\u017c wiedzy i praktyki, (&#8220;know how&#8221;) w kierowaniu programami i organizacjami pozarz\u0105dowymi w tej dziedzinie.<\/li>\n<li>Nag\u0142a\u015bniania wsp\u00f3\u0142czesnych wyzwa\u0144 podnoszenia standard\u00f3w nauczania matematyki w Polsce.<\/li>\n<\/ul>\n","protected":false},"excerpt":{"rendered":"<p>MISJA I CELE FUNDACJI Powsta\u0142a w 2009 r. Fundacja Rodziny Maciejko ma na celu szeroko zakrojon\u0105 dzia\u0142alno\u015b\u0107 organizowania i wspomagania inicjatyw spo\u0142ecze\u0144stwa obywatelskiego. Jej priorytem jest praca o\u015bwiatowa a w szczeg\u00f3lno\u015bci podnoszenie poziomu wyk\u0142adania matematyki i wiedzy matematycznej uczni\u00f3w polskich &hellip; <a href=\"http:\/\/maciejko.org\/witryna\/fundacja\/misja-i-cele\">Czytaj dalej <span class=\"meta-nav\">&rarr;<\/span><\/a><\/p>\n","protected":false},"author":1,"featured_media":0,"parent":1412,"menu_order":1,"comment_status":"closed","ping_status":"closed","template":"","meta":[],"_links":{"self":[{"href":"http:\/\/maciejko.org\/witryna\/wp-json\/wp\/v2\/pages\/1450"}],"collection":[{"href":"http:\/\/maciejko.org\/witryna\/wp-json\/wp\/v2\/pages"}],"about":[{"href":"http:\/\/maciejko.org\/witryna\/wp-json\/wp\/v2\/types\/page"}],"author":[{"embeddable":true,"href":"http:\/\/maciejko.org\/witryna\/wp-json\/wp\/v2\/users\/1"}],"replies":[{"embeddable":true,"href":"http:\/\/maciejko.org\/witryna\/wp-json\/wp\/v2\/comments?post=1450"}],"version-history":[{"count":20,"href":"http:\/\/maciejko.org\/witryna\/wp-json\/wp\/v2\/pages\/1450\/revisions"}],"predecessor-version":[{"id":2395,"href":"http:\/\/maciejko.org\/witryna\/wp-json\/wp\/v2\/pages\/1450\/revisions\/2395"}],"up":[{"embeddable":true,"href":"http:\/\/maciejko.org\/witryna\/wp-json\/wp\/v2\/pages\/1412"}],"wp:attachment":[{"href":"http:\/\/maciejko.org\/witryna\/wp-json\/wp\/v2\/media?parent=1450"}],"curies":[{"name":"wp","href":"https:\/\/api.w.org\/{rel}","templated":true}]}}